{"id":119,"date":"2023-12-27T12:50:38","date_gmt":"2023-12-27T11:50:38","guid":{"rendered":"https:\/\/recicladosaag.com\/?page_id=119"},"modified":"2024-01-03T09:58:15","modified_gmt":"2024-01-03T08:58:15","slug":"gestion-de-residuos","status":"publish","type":"page","link":"https:\/\/recicladosaag.com\/?page_id=119","title":{"rendered":"Gesti\u00f3n de residuos"},"content":{"rendered":"\t\t<div data-elementor-type=\"wp-page\" data-elementor-id=\"119\" class=\"elementor elementor-119\">\n\t\t\t\t<div class=\"elementor-element elementor-element-4219314e e-flex e-con-boxed e-con e-parent\" data-id=\"4219314e\" data-element_type=\"container\" data-settings=\"{&quot;background_background&quot;:&quot;classic&quot;}\" data-core-v316-plus=\"true\">\n\t\t\t\t\t<div class=\"e-con-inner\">\n\t\t\t\t<div class=\"elementor-element elementor-element-7c8c6e8e elementor-invisible elementor-widget elementor-widget-heading\" data-id=\"7c8c6e8e\" data-element_type=\"widget\" data-settings=\"{&quot;_animation&quot;:&quot;fadeIn&quot;}\" data-widget_type=\"heading.default\">\n\t\t\t\t<div class=\"elementor-widget-container\">\n\t\t\t<style>\/*! elementor - v3.20.0 - 26-03-2024 *\/\n.elementor-heading-title{padding:0;margin:0;line-height:1}.elementor-widget-heading .elementor-heading-title[class*=elementor-size-]>a{color:inherit;font-size:inherit;line-height:inherit}.elementor-widget-heading .elementor-heading-title.elementor-size-small{font-size:15px}.elementor-widget-heading .elementor-heading-title.elementor-size-medium{font-size:19px}.elementor-widget-heading .elementor-heading-title.elementor-size-large{font-size:29px}.elementor-widget-heading .elementor-heading-title.elementor-size-xl{font-size:39px}.elementor-widget-heading .elementor-heading-title.elementor-size-xxl{font-size:59px}<\/style><h1 class=\"elementor-heading-title elementor-size-default\">Gestionamos tus residuos<\/h1>\t\t<\/div>\n\t\t\t\t<\/div>\n\t\t\t\t<div class=\"elementor-element elementor-element-235bb8f9 elementor-invisible elementor-widget elementor-widget-heading\" data-id=\"235bb8f9\" data-element_type=\"widget\" data-settings=\"{&quot;_animation&quot;:&quot;fadeIn&quot;}\" data-widget_type=\"heading.default\">\n\t\t\t\t<div class=\"elementor-widget-container\">\n\t\t\t<h5 class=\"elementor-heading-title elementor-size-default\">Reciclados AAG, tu gestor de confianza<\/h5>\t\t<\/div>\n\t\t\t\t<\/div>\n\t\t\t\t\t<\/div>\n\t\t\t\t<\/div>\n\t\t<div class=\"elementor-element elementor-element-8ddcbd3 e-flex e-con-boxed e-con e-parent\" data-id=\"8ddcbd3\" data-element_type=\"container\" data-core-v316-plus=\"true\">\n\t\t\t\t\t<div class=\"e-con-inner\">\n\t\t<div class=\"elementor-element elementor-element-67b28ed e-con-full e-flex e-con e-child\" data-id=\"67b28ed\" data-element_type=\"container\">\n\t\t\t\t<div class=\"elementor-element elementor-element-e5c8501 elementor-widget elementor-widget-image\" data-id=\"e5c8501\" data-element_type=\"widget\" data-widget_type=\"image.default\">\n\t\t\t\t<div class=\"elementor-widget-container\">\n\t\t\t<style>\/*! elementor - v3.20.0 - 26-03-2024 *\/\n.elementor-widget-image{text-align:center}.elementor-widget-image a{display:inline-block}.elementor-widget-image a img[src$=\".svg\"]{width:48px}.elementor-widget-image img{vertical-align:middle;display:inline-block}<\/style>\t\t\t\t\t\t\t\t\t\t<img fetchpriority=\"high\" decoding=\"async\" width=\"800\" height=\"526\" src=\"https:\/\/recicladosaag.com\/wp-content\/uploads\/2023\/12\/GResiduos_chatarra-1024x673.jpg\" class=\"attachment-large size-large wp-image-171\" alt=\"\" srcset=\"https:\/\/recicladosaag.com\/wp-content\/uploads\/2023\/12\/GResiduos_chatarra-1024x673.jpg 1024w, https:\/\/recicladosaag.com\/wp-content\/uploads\/2023\/12\/GResiduos_chatarra-300x197.jpg 300w, https:\/\/recicladosaag.com\/wp-content\/uploads\/2023\/12\/GResiduos_chatarra-768x505.jpg 768w, https:\/\/recicladosaag.com\/wp-content\/uploads\/2023\/12\/GResiduos_chatarra-1536x1010.jpg 1536w, https:\/\/recicladosaag.com\/wp-content\/uploads\/2023\/12\/GResiduos_chatarra-2048x1346.jpg 2048w\" sizes=\"(max-width: 800px) 100vw, 800px\" \/>\t\t\t\t\t\t\t\t\t\t\t\t\t<\/div>\n\t\t\t\t<\/div>\n\t\t\t\t<\/div>\n\t\t<div class=\"elementor-element elementor-element-aacf108 e-con-full e-flex e-con e-child\" data-id=\"aacf108\" data-element_type=\"container\">\n\t\t<div class=\"elementor-element elementor-element-caaa880 e-flex e-con-boxed e-con e-child\" data-id=\"caaa880\" data-element_type=\"container\">\n\t\t\t\t\t<div class=\"e-con-inner\">\n\t\t\t\t<div class=\"elementor-element elementor-element-01b73f2 elementor-widget elementor-widget-heading\" data-id=\"01b73f2\" data-element_type=\"widget\" data-widget_type=\"heading.default\">\n\t\t\t\t<div class=\"elementor-widget-container\">\n\t\t\t<h1 class=\"elementor-heading-title elementor-size-large\">Metales y chatarra<\/h1>\t\t<\/div>\n\t\t\t\t<\/div>\n\t\t\t\t\t<\/div>\n\t\t\t\t<\/div>\n\t\t<div class=\"elementor-element elementor-element-36193ca e-flex e-con-boxed e-con e-child\" data-id=\"36193ca\" data-element_type=\"container\">\n\t\t\t\t\t<div class=\"e-con-inner\">\n\t\t\t\t<div class=\"elementor-element elementor-element-481fc28 elementor-widget elementor-widget-text-editor\" data-id=\"481fc28\" data-element_type=\"widget\" data-widget_type=\"text-editor.default\">\n\t\t\t\t<div class=\"elementor-widget-container\">\n\t\t\t<style>\/*! elementor - v3.20.0 - 26-03-2024 *\/\n.elementor-widget-text-editor.elementor-drop-cap-view-stacked .elementor-drop-cap{background-color:#69727d;color:#fff}.elementor-widget-text-editor.elementor-drop-cap-view-framed .elementor-drop-cap{color:#69727d;border:3px solid;background-color:transparent}.elementor-widget-text-editor:not(.elementor-drop-cap-view-default) .elementor-drop-cap{margin-top:8px}.elementor-widget-text-editor:not(.elementor-drop-cap-view-default) .elementor-drop-cap-letter{width:1em;height:1em}.elementor-widget-text-editor .elementor-drop-cap{float:left;text-align:center;line-height:1;font-size:50px}.elementor-widget-text-editor .elementor-drop-cap-letter{display:inline-block}<\/style>\t\t\t\t<p>Los metales f\u00e9rricos y no f\u00e9rricos (chatarras) son uno de los principales residuos que se derivan de la actividad industrial y dom\u00e9stica.<\/p><p>Para su recuperaci\u00f3n Reciclados AAG se encarga de la recogida, recepci\u00f3n y tratamiento de estos residuos en nuestras instalaciones o gestores autorizados siempre ofreciendo a nuestro cliente el mejor precio<\/p>\t\t\t\t\t\t<\/div>\n\t\t\t\t<\/div>\n\t\t\t\t\t<\/div>\n\t\t\t\t<\/div>\n\t\t\t\t<\/div>\n\t\t\t\t\t<\/div>\n\t\t\t\t<\/div>\n\t\t<div class=\"elementor-element elementor-element-5a9e305 e-flex e-con-boxed e-con e-parent\" data-id=\"5a9e305\" data-element_type=\"container\" data-core-v316-plus=\"true\">\n\t\t\t\t\t<div class=\"e-con-inner\">\n\t\t<div class=\"elementor-element elementor-element-49d9343 e-con-full e-flex e-con e-child\" data-id=\"49d9343\" data-element_type=\"container\">\n\t\t\t\t<div class=\"elementor-element elementor-element-2f20288 elementor-widget elementor-widget-image\" data-id=\"2f20288\" data-element_type=\"widget\" data-widget_type=\"image.default\">\n\t\t\t\t<div class=\"elementor-widget-container\">\n\t\t\t\t\t\t\t\t\t\t\t\t\t<img decoding=\"async\" width=\"800\" height=\"534\" src=\"https:\/\/recicladosaag.com\/wp-content\/uploads\/2024\/01\/surtido-objetos-sucios-arrojados-1-1024x683.jpg\" class=\"attachment-large size-large wp-image-183\" alt=\"\" srcset=\"https:\/\/recicladosaag.com\/wp-content\/uploads\/2024\/01\/surtido-objetos-sucios-arrojados-1-1024x683.jpg 1024w, https:\/\/recicladosaag.com\/wp-content\/uploads\/2024\/01\/surtido-objetos-sucios-arrojados-1-300x200.jpg 300w, https:\/\/recicladosaag.com\/wp-content\/uploads\/2024\/01\/surtido-objetos-sucios-arrojados-1-768x512.jpg 768w, https:\/\/recicladosaag.com\/wp-content\/uploads\/2024\/01\/surtido-objetos-sucios-arrojados-1-1536x1024.jpg 1536w, https:\/\/recicladosaag.com\/wp-content\/uploads\/2024\/01\/surtido-objetos-sucios-arrojados-1-2048x1365.jpg 2048w\" sizes=\"(max-width: 800px) 100vw, 800px\" \/>\t\t\t\t\t\t\t\t\t\t\t\t\t<\/div>\n\t\t\t\t<\/div>\n\t\t\t\t<\/div>\n\t\t<div class=\"elementor-element elementor-element-a79c596 e-con-full e-flex e-con e-child\" data-id=\"a79c596\" data-element_type=\"container\">\n\t\t<div class=\"elementor-element elementor-element-0673cdd e-flex e-con-boxed e-con e-child\" data-id=\"0673cdd\" data-element_type=\"container\">\n\t\t\t\t\t<div class=\"e-con-inner\">\n\t\t<div class=\"elementor-element elementor-element-d11bc87 e-flex e-con-boxed e-con e-child\" data-id=\"d11bc87\" data-element_type=\"container\">\n\t\t\t\t\t<div class=\"e-con-inner\">\n\t\t\t\t<div class=\"elementor-element elementor-element-f648ae1 elementor-widget elementor-widget-heading\" data-id=\"f648ae1\" data-element_type=\"widget\" data-widget_type=\"heading.default\">\n\t\t\t\t<div class=\"elementor-widget-container\">\n\t\t\t<h1 class=\"elementor-heading-title elementor-size-large\">Aparatos electricos y electronicos <br>( RAEE )<\/h1>\t\t<\/div>\n\t\t\t\t<\/div>\n\t\t\t\t\t<\/div>\n\t\t\t\t<\/div>\n\t\t\t\t\t<\/div>\n\t\t\t\t<\/div>\n\t\t<div class=\"elementor-element elementor-element-37baed2 e-flex e-con-boxed e-con e-child\" data-id=\"37baed2\" data-element_type=\"container\">\n\t\t\t\t\t<div class=\"e-con-inner\">\n\t\t\t\t<div class=\"elementor-element elementor-element-bd31b23 elementor-widget elementor-widget-text-editor\" data-id=\"bd31b23\" data-element_type=\"widget\" data-widget_type=\"text-editor.default\">\n\t\t\t\t<div class=\"elementor-widget-container\">\n\t\t\t\t\t\t\t<p>En Reciclados AAG nos especializamos en la gesti\u00f3n responsable de Residuos de Aparatos El\u00e9ctricos y Electr\u00f3nicos (RAEE). Estos residuos, que incluyen dispositivos electr\u00f3nicos desechados como ordenadores, tel\u00e9fonos, electrodom\u00e9sticos y otros equipos el\u00e9ctricos, requieren un manejo cuidadoso debido a sus componentes potencialmente peligrosos. Nosotros nos encargamos por ti de garantizar la correcta disposici\u00f3n y reciclaje de los RAEE<\/p>\t\t\t\t\t\t<\/div>\n\t\t\t\t<\/div>\n\t\t\t\t\t<\/div>\n\t\t\t\t<\/div>\n\t\t\t\t<\/div>\n\t\t\t\t\t<\/div>\n\t\t\t\t<\/div>\n\t\t<div class=\"elementor-element elementor-element-41bef75 e-flex e-con-boxed e-con e-parent\" data-id=\"41bef75\" data-element_type=\"container\" data-core-v316-plus=\"true\">\n\t\t\t\t\t<div class=\"e-con-inner\">\n\t\t<div class=\"elementor-element elementor-element-1b09644 e-con-full e-flex e-con e-child\" data-id=\"1b09644\" data-element_type=\"container\">\n\t\t\t\t<div class=\"elementor-element elementor-element-b8b90a0 elementor-widget elementor-widget-image\" data-id=\"b8b90a0\" data-element_type=\"widget\" data-widget_type=\"image.default\">\n\t\t\t\t<div class=\"elementor-widget-container\">\n\t\t\t\t\t\t\t\t\t\t\t\t\t<img decoding=\"async\" width=\"800\" height=\"457\" src=\"https:\/\/recicladosaag.com\/wp-content\/uploads\/2024\/01\/residuos-radiactivos-barriles-deposito-residuos-nucleares-ia-generativa-1024x585.jpg\" class=\"attachment-large size-large wp-image-188\" alt=\"\" srcset=\"https:\/\/recicladosaag.com\/wp-content\/uploads\/2024\/01\/residuos-radiactivos-barriles-deposito-residuos-nucleares-ia-generativa-1024x585.jpg 1024w, https:\/\/recicladosaag.com\/wp-content\/uploads\/2024\/01\/residuos-radiactivos-barriles-deposito-residuos-nucleares-ia-generativa-300x171.jpg 300w, https:\/\/recicladosaag.com\/wp-content\/uploads\/2024\/01\/residuos-radiactivos-barriles-deposito-residuos-nucleares-ia-generativa-768x439.jpg 768w, https:\/\/recicladosaag.com\/wp-content\/uploads\/2024\/01\/residuos-radiactivos-barriles-deposito-residuos-nucleares-ia-generativa-1536x877.jpg 1536w, https:\/\/recicladosaag.com\/wp-content\/uploads\/2024\/01\/residuos-radiactivos-barriles-deposito-residuos-nucleares-ia-generativa.jpg 2000w\" sizes=\"(max-width: 800px) 100vw, 800px\" \/>\t\t\t\t\t\t\t\t\t\t\t\t\t<\/div>\n\t\t\t\t<\/div>\n\t\t\t\t<\/div>\n\t\t<div class=\"elementor-element elementor-element-1766109 e-con-full e-flex e-con e-child\" data-id=\"1766109\" data-element_type=\"container\">\n\t\t<div class=\"elementor-element elementor-element-b1c0bd7 e-flex e-con-boxed e-con e-child\" data-id=\"b1c0bd7\" data-element_type=\"container\">\n\t\t\t\t\t<div class=\"e-con-inner\">\n\t\t<div class=\"elementor-element elementor-element-dee2f01 e-flex e-con-boxed e-con e-child\" data-id=\"dee2f01\" data-element_type=\"container\">\n\t\t\t\t\t<div class=\"e-con-inner\">\n\t\t\t\t<div class=\"elementor-element elementor-element-59e6366 elementor-widget elementor-widget-heading\" data-id=\"59e6366\" data-element_type=\"widget\" data-widget_type=\"heading.default\">\n\t\t\t\t<div class=\"elementor-widget-container\">\n\t\t\t<h1 class=\"elementor-heading-title elementor-size-large\">Residuos peligrosos o organicos<\/h1>\t\t<\/div>\n\t\t\t\t<\/div>\n\t\t\t\t\t<\/div>\n\t\t\t\t<\/div>\n\t\t\t\t\t<\/div>\n\t\t\t\t<\/div>\n\t\t<div class=\"elementor-element elementor-element-60d0ef8 e-flex e-con-boxed e-con e-child\" data-id=\"60d0ef8\" data-element_type=\"container\">\n\t\t\t\t\t<div class=\"e-con-inner\">\n\t\t\t\t<div class=\"elementor-element elementor-element-4d2354d elementor-widget elementor-widget-text-editor\" data-id=\"4d2354d\" data-element_type=\"widget\" data-widget_type=\"text-editor.default\">\n\t\t\t\t<div class=\"elementor-widget-container\">\n\t\t\t\t\t\t\t<p>En Reciclados AAG nos encargamos de manera especializada en la gesti\u00f3n de residuos peligrosos y org\u00e1nicos. Con un enfoque seguro y respetuoso con el medio ambiente, nos aseguramos de que tu empresa cuente con soluciones integrales para el manejo responsable de estos desechos, promoviendo pr\u00e1cticas sostenibles y contribuyendo a un entorno m\u00e1s saludable<\/p>\t\t\t\t\t\t<\/div>\n\t\t\t\t<\/div>\n\t\t\t\t\t<\/div>\n\t\t\t\t<\/div>\n\t\t\t\t<\/div>\n\t\t\t\t\t<\/div>\n\t\t\t\t<\/div>\n\t\t\t\t<\/div>\n\t\t","protected":false},"excerpt":{"rendered":"<p>Gestionamos tus residuos Reciclados AAG, tu gestor de confianza Metales y chatarra Los metales f\u00e9rricos y no f\u00e9rricos (chatarras) son uno de los principales residuos que se derivan de la actividad industrial y dom\u00e9stica. Para su recuperaci\u00f3n Reciclados AAG se encarga de la recogida, recepci\u00f3n y tratamiento de estos residuos en nuestras instalaciones o gestores [&hellip;]<\/p>\n","protected":false},"author":1,"featured_media":0,"parent":0,"menu_order":0,"comment_status":"closed","ping_status":"closed","template":"elementor_header_footer","meta":{"om_disable_all_campaigns":false,"_monsterinsights_skip_tracking":false,"_monsterinsights_sitenote_active":false,"_monsterinsights_sitenote_note":"","_monsterinsights_sitenote_category":0,"footnotes":""},"aioseo_notices":[],"_links":{"self":[{"href":"https:\/\/recicladosaag.com\/index.php?rest_route=\/wp\/v2\/pages\/119"}],"collection":[{"href":"https:\/\/recicladosaag.com\/index.php?rest_route=\/wp\/v2\/pages"}],"about":[{"href":"https:\/\/recicladosaag.com\/index.php?rest_route=\/wp\/v2\/types\/page"}],"author":[{"embeddable":true,"href":"https:\/\/recicladosaag.com\/index.php?rest_route=\/wp\/v2\/users\/1"}],"replies":[{"embeddable":true,"href":"https:\/\/recicladosaag.com\/index.php?rest_route=%2Fwp%2Fv2%2Fcomments&post=119"}],"version-history":[{"count":63,"href":"https:\/\/recicladosaag.com\/index.php?rest_route=\/wp\/v2\/pages\/119\/revisions"}],"predecessor-version":[{"id":197,"href":"https:\/\/recicladosaag.com\/index.php?rest_route=\/wp\/v2\/pages\/119\/revisions\/197"}],"wp:attachment":[{"href":"https:\/\/recicladosaag.com\/index.php?rest_route=%2Fwp%2Fv2%2Fmedia&parent=119"}],"curies":[{"name":"wp","href":"https:\/\/api.w.org\/{rel}","templated":true}]}}